{"id":1926,"date":"2016-11-13T17:02:13","date_gmt":"2016-11-13T17:02:13","guid":{"rendered":"http:\/\/albertmaso.com\/w\/?page_id=1926"},"modified":"2016-11-13T19:17:31","modified_gmt":"2016-11-13T19:17:31","slug":"los-secretos-de-la-fotografia-macro","status":"publish","type":"page","link":"https:\/\/albertmaso.com\/w\/pro-services\/cursos-y-talleres-2\/los-secretos-de-la-fotografia-macro\/","title":{"rendered":"Los secretos de la Macro"},"content":{"rendered":"<div  style='padding-bottom:10px; ' class='av-special-heading av-special-heading-h2  blockquote modern-quote modern-centered  avia-builder-el-0  el_before_av_image  avia-builder-el-first  '><h2 class='av-special-heading-tag '  itemprop=\"headline\"  >LOS SECRETOS DE LA MACRO<\/h2><div class ='av-subheading av-subheading_below  ' style='font-size:15px;'><p>EL MUNDO INVISIBLE<\/p>\n<\/div><div class='special-heading-border'><div class='special-heading-inner-border' ><\/div><\/div><\/div>\n<div  class='avia-image-container  av-styling-    avia-builder-el-1  el_after_av_heading  el_before_av_hr  avia-align-center '  itemprop=\"image\" itemscope=\"itemscope\" itemtype=\"https:\/\/schema.org\/ImageObject\"  ><div class='avia-image-container-inner'><div class='avia-image-overlay-wrap'><img class='avia_image' src='https:\/\/albertmaso.com\/w\/wp-content\/uploads\/2016\/11\/A-Secretos-de-Macro-300x200.jpg' alt='' title='LOS SECRETOS DE LA MACRO' height=\"200\" width=\"300\"  itemprop=\"thumbnailUrl\"  \/><\/div><\/div><\/div>\n<div   class='hr hr-default   avia-builder-el-2  el_after_av_image  el_before_av_textblock '><span class='hr-inner ' ><span class='hr-inner-style'><\/span><\/span><\/div>\n<section class=\"av_textblock_section \"  itemscope=\"itemscope\" itemtype=\"https:\/\/schema.org\/CreativeWork\" ><div class='avia_textblock  '   itemprop=\"text\" ><p>En este curso se exponen las bases \u00f3pticas de la t\u00e9cnica de aproximaci\u00f3n y se explican los elementos y accesorios de trabajo que se utilizan. Se plantean los problemas que surgen y la forma de resolverlos con los procedimientos que proporcionan una mayor calidad de imagen. El segundo d\u00eda se realizar\u00e1 la parte pr\u00e1ctica en la que se mostrar\u00e1n los objetivos y accesorios para ver c\u00f3mo son y c\u00f3mo funcionan y comprobar el resultado que se obtiene realizando tomas fotogr\u00e1ficas. El alumno adquirir\u00e1 los conocimientos necesarios para poder abordar los cursos de Macro de campo y de estudio, siendo su complemento ideal.<\/p>\n<p><strong>\u00a0<\/strong><\/p>\n<p style=\"text-align: center;\"><strong>PROGRAMA<\/strong><\/p>\n<hr \/>\n<ol>\n<li>Caracter\u00edsticas generales de la fotograf\u00eda Macro. Problemas y c\u00f3mo resolverlos.<\/li>\n<li>Aberraciones \u00f3pticas, p\u00e9rdida de luz, profundidad de campo y perpendicularidad.<\/li>\n<li>Diafragmas id\u00f3neos, velocidad, sensibilidad, ratio, aumento y trepidaci\u00f3n.<\/li>\n<li>Objetivos m\u00e1s adecuados, los macro aut\u00e9nticos y elementos y accesorios de trabajo.<\/li>\n<li>T\u00e9cnicas y sistemas de sujeci\u00f3n en estudio y en el campo. Los puntos de luz.<\/li>\n<li>Iluminaci\u00f3n y complementos: parasol, viseras, reflector, difusor y fondos especiales.<\/li>\n<li>Procedimiento de enfoque: la disecci\u00f3n \u00f3ptica. M\u00e1xima calidad de imagen.<\/li>\n<li>Uso de todos los dispositivos, trucos y montajes espec\u00edficos. Toma de fotograf\u00edas macro.<\/li>\n<\/ol>\n<\/div><\/section>\n","protected":false},"excerpt":{"rendered":"","protected":false},"author":1,"featured_media":0,"parent":1888,"menu_order":1,"comment_status":"closed","ping_status":"closed","template":"","meta":[],"_links":{"self":[{"href":"https:\/\/albertmaso.com\/w\/wp-json\/wp\/v2\/pages\/1926"}],"collection":[{"href":"https:\/\/albertmaso.com\/w\/wp-json\/wp\/v2\/pages"}],"about":[{"href":"https:\/\/albertmaso.com\/w\/wp-json\/wp\/v2\/types\/page"}],"author":[{"embeddable":true,"href":"https:\/\/albertmaso.com\/w\/wp-json\/wp\/v2\/users\/1"}],"replies":[{"embeddable":true,"href":"https:\/\/albertmaso.com\/w\/wp-json\/wp\/v2\/comments?post=1926"}],"version-history":[{"count":17,"href":"https:\/\/albertmaso.com\/w\/wp-json\/wp\/v2\/pages\/1926\/revisions"}],"predecessor-version":[{"id":2070,"href":"https:\/\/albertmaso.com\/w\/wp-json\/wp\/v2\/pages\/1926\/revisions\/2070"}],"up":[{"embeddable":true,"href":"https:\/\/albertmaso.com\/w\/wp-json\/wp\/v2\/pages\/1888"}],"wp:attachment":[{"href":"https:\/\/albertmaso.com\/w\/wp-json\/wp\/v2\/media?parent=1926"}],"curies":[{"name":"wp","href":"https:\/\/api.w.org\/{rel}","templated":true}]}}