{"id":1932,"date":"2016-11-13T17:04:08","date_gmt":"2016-11-13T17:04:08","guid":{"rendered":"http:\/\/albertmaso.com\/w\/?page_id=1932"},"modified":"2016-11-13T19:32:07","modified_gmt":"2016-11-13T19:32:07","slug":"fotografia-de-paisaje","status":"publish","type":"page","link":"https:\/\/albertmaso.com\/w\/pro-services\/cursos-y-talleres-2\/fotografia-de-paisaje\/","title":{"rendered":"Fotograf\u00eda de paisaje"},"content":{"rendered":"<div  style='padding-bottom:10px; ' class='av-special-heading av-special-heading-h2  blockquote modern-quote modern-centered  avia-builder-el-0  el_before_av_image  avia-builder-el-first  '><h2 class='av-special-heading-tag '  itemprop=\"headline\"  >FOTOGRAF\u00cdA DE PAISAJE<\/h2><div class ='av-subheading av-subheading_below  ' style='font-size:15px;'><p>CAPTAR GRANDES ESCENARIOS NATURALES Y URBANOS<\/p>\n<\/div><div class='special-heading-border'><div class='special-heading-inner-border' ><\/div><\/div><\/div>\n<div  class='avia-image-container  av-styling-    avia-builder-el-1  el_after_av_heading  el_before_av_hr  avia-align-center '  itemprop=\"image\" itemscope=\"itemscope\" itemtype=\"https:\/\/schema.org\/ImageObject\"  ><div class='avia-image-container-inner'><div class='avia-image-overlay-wrap'><img class='avia_image' src='https:\/\/albertmaso.com\/w\/wp-content\/uploads\/2016\/11\/D-Paisaje-300x200.jpg' alt='' title='FOTOGRAF\u00cdA DE PAISAJE' height=\"200\" width=\"300\"  itemprop=\"thumbnailUrl\"  \/><\/div><\/div><\/div>\n<div   class='hr hr-default   avia-builder-el-2  el_after_av_image  el_before_av_textblock '><span class='hr-inner ' ><span class='hr-inner-style'><\/span><\/span><\/div>\n<section class=\"av_textblock_section \"  itemscope=\"itemscope\" itemtype=\"https:\/\/schema.org\/CreativeWork\" ><div class='avia_textblock  '   itemprop=\"text\" ><p style=\"text-align: justify;\">Despu\u00e9s de los conceptos b\u00e1sicos necesarios para una buena praxis, se entra en las t\u00e9cnicas y se ense\u00f1an los procedimientos y trucos m\u00e1s importantes para obtener todo el rendimiento posible del equipo fotogr\u00e1fico. Se especifica c\u00f3mo conseguir la mejor calidad de imagen (poder de resoluci\u00f3n) con la m\u00e1xima profundidad de campo para captar todo el relieve del paisaje. Se ense\u00f1a c\u00f3mo funcionan en la pr\u00e1ctica los elementos y accesorios, as\u00ed como el flujo de trabajo \u00f3ptimo y finalmente se proyectan las im\u00e1genes para observar los resultados de lo que se ha explicado.<\/p>\n<p style=\"text-align: justify;\"><strong>\u00a0<\/strong><\/p>\n<p style=\"text-align: center;\"><strong>PROGRAMA<\/strong><\/p>\n<hr \/>\n<ol>\n<li>Nociones b\u00e1sicas y caracter\u00edsticas generales.<\/li>\n<li>La distancia focal y la p<\/li>\n<li>Las condiciones atmosf\u00e9ricas.<\/li>\n<li>La luz natural: distintas iluminaciones.<\/li>\n<li>Uso de los filtros: utilidad y sus efectos.<\/li>\n<li>Importancia del \u00e1ngulo de incidencia.<\/li>\n<li>Captar el relieve: distintas estrategias.<\/li>\n<li>Control de la Profundidad de campo.<\/li>\n<li>La Hiperfocal: profundidad con poder de resoluci\u00f3n.<\/li>\n<li>M\u00e1xima calidad de imagen.<\/li>\n<li>Tr\u00edpode, r\u00f3tulas, parasol y otros accesorios.<\/li>\n<li>Medida de la luz, compensaci\u00f3n, fotometr\u00edas e histogramas.<\/li>\n<li>T\u00e9cnicas especiales y recursos para cada problema.<\/li>\n<li>Modalidades de la fotograf\u00eda de paisaje.<\/li>\n<li>La composici\u00f3n: expresi\u00f3n y creatividad del fot\u00f3grafo.<\/li>\n<li>Conclusiones y dudas sobre el equipo de cada uno.<\/li>\n<li>Salida al campo para poner en pr\u00e0ctica los procedimientos explicados.<\/li>\n<\/ol>\n<\/div><\/section>\n","protected":false},"excerpt":{"rendered":"","protected":false},"author":1,"featured_media":0,"parent":1888,"menu_order":5,"comment_status":"closed","ping_status":"closed","template":"","meta":[],"_links":{"self":[{"href":"https:\/\/albertmaso.com\/w\/wp-json\/wp\/v2\/pages\/1932"}],"collection":[{"href":"https:\/\/albertmaso.com\/w\/wp-json\/wp\/v2\/pages"}],"about":[{"href":"https:\/\/albertmaso.com\/w\/wp-json\/wp\/v2\/types\/page"}],"author":[{"embeddable":true,"href":"https:\/\/albertmaso.com\/w\/wp-json\/wp\/v2\/users\/1"}],"replies":[{"embeddable":true,"href":"https:\/\/albertmaso.com\/w\/wp-json\/wp\/v2\/comments?post=1932"}],"version-history":[{"count":2,"href":"https:\/\/albertmaso.com\/w\/wp-json\/wp\/v2\/pages\/1932\/revisions"}],"predecessor-version":[{"id":2005,"href":"https:\/\/albertmaso.com\/w\/wp-json\/wp\/v2\/pages\/1932\/revisions\/2005"}],"up":[{"embeddable":true,"href":"https:\/\/albertmaso.com\/w\/wp-json\/wp\/v2\/pages\/1888"}],"wp:attachment":[{"href":"https:\/\/albertmaso.com\/w\/wp-json\/wp\/v2\/media?parent=1932"}],"curies":[{"name":"wp","href":"https:\/\/api.w.org\/{rel}","templated":true}]}}