{"id":1934,"date":"2016-11-13T17:04:26","date_gmt":"2016-11-13T17:04:26","guid":{"rendered":"http:\/\/albertmaso.com\/w\/?page_id=1934"},"modified":"2016-11-13T19:20:16","modified_gmt":"2016-11-13T19:20:16","slug":"fotografia-de-fauna-salvaje","status":"publish","type":"page","link":"https:\/\/albertmaso.com\/w\/pro-services\/cursos-y-talleres-2\/fotografia-de-fauna-salvaje\/","title":{"rendered":"Fotograf\u00eda de fauna salvaje"},"content":{"rendered":"<div  style='padding-bottom:10px; ' class='av-special-heading av-special-heading-h2  blockquote modern-quote modern-centered  avia-builder-el-0  el_before_av_image  avia-builder-el-first  '><h2 class='av-special-heading-tag '  itemprop=\"headline\"  >FOTOGRAF\u00cdA DE FAUNA SALVAJE<\/h2><div class ='av-subheading av-subheading_below  ' style='font-size:15px;'><p>CAPTAR ANIMALES EN LIBERTAD<\/p>\n<\/div><div class='special-heading-border'><div class='special-heading-inner-border' ><\/div><\/div><\/div>\n<div  class='avia-image-container  av-styling-    avia-builder-el-1  el_after_av_heading  el_before_av_hr  avia-align-center '  itemprop=\"image\" itemscope=\"itemscope\" itemtype=\"https:\/\/schema.org\/ImageObject\"  ><div class='avia-image-container-inner'><div class='avia-image-overlay-wrap'><img class='avia_image' src='https:\/\/albertmaso.com\/w\/wp-content\/uploads\/2016\/11\/E-Fauna-300x225.jpg' alt='' title='FOTOGRAF\u00cdA DE FAUNA SALVAJE' height=\"225\" width=\"300\"  itemprop=\"thumbnailUrl\"  \/><\/div><\/div><\/div>\n<div   class='hr hr-default   avia-builder-el-2  el_after_av_image  el_before_av_textblock '><span class='hr-inner ' ><span class='hr-inner-style'><\/span><\/span><\/div>\n<section class=\"av_textblock_section \"  itemscope=\"itemscope\" itemtype=\"https:\/\/schema.org\/CreativeWork\" ><div class='avia_textblock  '   itemprop=\"text\" ><p style=\"text-align: justify;\">Con este curso se adquieren los conocimientos necesarios para ir conformando el equipo fotogr\u00e1fico y los accesorios de esta modalidad de fotograf\u00eda de naturaleza. Conocer los procedimientos y t\u00e9cnicas especiales para poder fotografiar con calidad animales de tama\u00f1o mediano o grande que est\u00e9n situados a demasiada distancia para poderlos captar con objetivos normales. Aprender las modalidades m\u00e1s adecuadas en cada caso: al acecho y al rececho. As\u00ed mismo, ser capaz de fotografiar tanto a largas distancias como por debajo de la distancia m\u00ednima.<\/p>\n<p style=\"text-align: justify;\"><strong>\u00a0<\/strong><\/p>\n<p style=\"text-align: center;\"><strong>PROGRAMA<\/strong><\/p>\n<hr \/>\n<ol>\n<li>Caracter\u00edsticas generales<\/li>\n<li>El formato de la c\u00e1mara y el poder de resolucci\u00f3n<\/li>\n<li>Velocidad m\u00ednima necesaria<\/li>\n<li>EL teleobjetivo ideal<\/li>\n<li>Estabilizador de imagen<\/li>\n<li>Full-frame y formato reducido<\/li>\n<li>Formato de archivo, fotometr\u00eda, diafragma, profundidad de campo&#8230;<\/li>\n<li>Teleconvertidores<\/li>\n<li>Complementos \u00fatiles<\/li>\n<li>Modalidades de la Caza Fotogr\u00e1fica<\/li>\n<li>Foto al rececho (phototrekking)<\/li>\n<li>T\u00e9cnicas de aproximaci\u00f3n<\/li>\n<li>Fotos al acecho<\/li>\n<li>Hides, hidrohides, observatorios&#8230;<\/li>\n<li>Accesorios especiales<\/li>\n<li>Barreras IR, trucos y otros recursos<\/li>\n<li>Los cebos (alimento, grabaciones&#8230;)<\/li>\n<li>SALIDA AL CAMPO para poner en pr\u00e1ctica algunas de las modalidades explicadas<\/li>\n<\/ol>\n<\/div><\/section>\n","protected":false},"excerpt":{"rendered":"","protected":false},"author":1,"featured_media":0,"parent":1888,"menu_order":4,"comment_status":"closed","ping_status":"closed","template":"","meta":[],"_links":{"self":[{"href":"https:\/\/albertmaso.com\/w\/wp-json\/wp\/v2\/pages\/1934"}],"collection":[{"href":"https:\/\/albertmaso.com\/w\/wp-json\/wp\/v2\/pages"}],"about":[{"href":"https:\/\/albertmaso.com\/w\/wp-json\/wp\/v2\/types\/page"}],"author":[{"embeddable":true,"href":"https:\/\/albertmaso.com\/w\/wp-json\/wp\/v2\/users\/1"}],"replies":[{"embeddable":true,"href":"https:\/\/albertmaso.com\/w\/wp-json\/wp\/v2\/comments?post=1934"}],"version-history":[{"count":3,"href":"https:\/\/albertmaso.com\/w\/wp-json\/wp\/v2\/pages\/1934\/revisions"}],"predecessor-version":[{"id":2003,"href":"https:\/\/albertmaso.com\/w\/wp-json\/wp\/v2\/pages\/1934\/revisions\/2003"}],"up":[{"embeddable":true,"href":"https:\/\/albertmaso.com\/w\/wp-json\/wp\/v2\/pages\/1888"}],"wp:attachment":[{"href":"https:\/\/albertmaso.com\/w\/wp-json\/wp\/v2\/media?parent=1934"}],"curies":[{"name":"wp","href":"https:\/\/api.w.org\/{rel}","templated":true}]}}