{"id":1942,"date":"2016-11-13T17:19:34","date_gmt":"2016-11-13T17:19:34","guid":{"rendered":"http:\/\/albertmaso.com\/w\/?page_id=1942"},"modified":"2016-11-13T19:44:44","modified_gmt":"2016-11-13T19:44:44","slug":"el-viaje-fotografico","status":"publish","type":"page","link":"https:\/\/albertmaso.com\/w\/pro-services\/conferencias-2\/el-viaje-fotografico\/","title":{"rendered":"El viaje fotogr\u00e1fico"},"content":{"rendered":"<div  style='padding-bottom:10px; ' class='av-special-heading av-special-heading-h2  blockquote modern-quote modern-centered  avia-builder-el-0  el_before_av_image  avia-builder-el-first  '><h2 class='av-special-heading-tag '  itemprop=\"headline\"  >EL VIAJE FOTOGR\u00c1FICO<\/h2><div class ='av-subheading av-subheading_below  ' style='font-size:15px;'><p>UNA AVENTURA FOTOGR\u00c1FICA<\/p>\n<\/div><div class='special-heading-border'><div class='special-heading-inner-border' ><\/div><\/div><\/div>\n<div  class='avia-image-container  av-styling-    avia-builder-el-1  el_after_av_heading  el_before_av_hr  avia-align-center '  itemprop=\"image\" itemscope=\"itemscope\" itemtype=\"https:\/\/schema.org\/ImageObject\"  ><div class='avia-image-container-inner'><div class='avia-image-overlay-wrap'><img class='avia_image' src='https:\/\/albertmaso.com\/w\/wp-content\/uploads\/2016\/11\/Sic\u00edlia-300x200.jpg' alt='' title='EL VIAJE FOTOGR\u00c1FICO' height=\"200\" width=\"300\"  itemprop=\"thumbnailUrl\"  \/><\/div><\/div><\/div>\n<div   class='hr hr-default   avia-builder-el-2  el_after_av_image  el_before_av_textblock '><span class='hr-inner ' ><span class='hr-inner-style'><\/span><\/span><\/div>\n<section class=\"av_textblock_section \"  itemscope=\"itemscope\" itemtype=\"https:\/\/schema.org\/CreativeWork\" ><div class='avia_textblock  '   itemprop=\"text\" ><p style=\"text-align: justify;\">En esta conferencia se expone la mejor forma para planificar un viaje que tenga como objetivo obtener un buen reportaje fotogr\u00e1fico del lugar visitado. Se hace especial \u00e9nfasis en la captaci\u00f3n de los distintos aspectos de su naturaleza. Se concreta c\u00f3mo conseguir las mejores fotos de paisaje, de fauna e incluso de los seres m\u00e1s diminutos: insectos y plantas. Se proyectar\u00e1n im\u00e1genes obtenidas con diversas t\u00e9cnicas en distintos viajes, as\u00ed como un reportaje completo como muestra del resultado de todo lo explicado.<\/p>\n<p style=\"text-align: justify;\"><strong>\u00a0<\/strong><\/p>\n<p style=\"text-align: center;\"><strong>PROGRAMA<\/strong><\/p>\n<hr \/>\n<ul>\n<li>La preparaci\u00f3n del viaje<\/li>\n<li>Planificaci\u00f3n de la ruta<\/li>\n<li>Elecci\u00f3n del equipo fotogr\u00e1fico<\/li>\n<li>Captar el paisaje<\/li>\n<li>Fotografiar animales salvajes<\/li>\n<li>Macro: fotograf\u00eda de aproximaci\u00f3n<\/li>\n<li>Precauciones generales y en ambientes extremos<\/li>\n<li>Un ejemplo: viaje a la naturaleza del Caribe<\/li>\n<\/ul>\n<\/div><\/section>\n","protected":false},"excerpt":{"rendered":"","protected":false},"author":1,"featured_media":0,"parent":1892,"menu_order":1,"comment_status":"closed","ping_status":"closed","template":"","meta":[],"_links":{"self":[{"href":"https:\/\/albertmaso.com\/w\/wp-json\/wp\/v2\/pages\/1942"}],"collection":[{"href":"https:\/\/albertmaso.com\/w\/wp-json\/wp\/v2\/pages"}],"about":[{"href":"https:\/\/albertmaso.com\/w\/wp-json\/wp\/v2\/types\/page"}],"author":[{"embeddable":true,"href":"https:\/\/albertmaso.com\/w\/wp-json\/wp\/v2\/users\/1"}],"replies":[{"embeddable":true,"href":"https:\/\/albertmaso.com\/w\/wp-json\/wp\/v2\/comments?post=1942"}],"version-history":[{"count":4,"href":"https:\/\/albertmaso.com\/w\/wp-json\/wp\/v2\/pages\/1942\/revisions"}],"predecessor-version":[{"id":2010,"href":"https:\/\/albertmaso.com\/w\/wp-json\/wp\/v2\/pages\/1942\/revisions\/2010"}],"up":[{"embeddable":true,"href":"https:\/\/albertmaso.com\/w\/wp-json\/wp\/v2\/pages\/1892"}],"wp:attachment":[{"href":"https:\/\/albertmaso.com\/w\/wp-json\/wp\/v2\/media?parent=1942"}],"curies":[{"name":"wp","href":"https:\/\/api.w.org\/{rel}","templated":true}]}}