{"id":1944,"date":"2016-11-13T17:20:13","date_gmt":"2016-11-13T17:20:13","guid":{"rendered":"http:\/\/albertmaso.com\/w\/?page_id=1944"},"modified":"2016-11-13T19:46:56","modified_gmt":"2016-11-13T19:46:56","slug":"el-safari-fotografico","status":"publish","type":"page","link":"https:\/\/albertmaso.com\/w\/pro-services\/conferencias-2\/el-safari-fotografico\/","title":{"rendered":"El safari fotogr\u00e1fico"},"content":{"rendered":"<div  style='padding-bottom:10px; ' class='av-special-heading av-special-heading-h2  blockquote modern-quote modern-centered  avia-builder-el-0  el_before_av_image  avia-builder-el-first  '><h2 class='av-special-heading-tag '  itemprop=\"headline\"  >EL SAFARI FOTOGR\u00c1FICO<\/h2><div class ='av-subheading av-subheading_below  ' style='font-size:15px;'><p>LA CAZA FOTOGR\u00c1FICA DE ANIMALES SALVAJES<\/p>\n<\/div><div class='special-heading-border'><div class='special-heading-inner-border' ><\/div><\/div><\/div>\n<div  class='avia-image-container  av-styling-    avia-builder-el-1  el_after_av_heading  el_before_av_hr  avia-align-center '  itemprop=\"image\" itemscope=\"itemscope\" itemtype=\"https:\/\/schema.org\/ImageObject\"  ><div class='avia-image-container-inner'><div class='avia-image-overlay-wrap'><img class='avia_image' src='https:\/\/albertmaso.com\/w\/wp-content\/uploads\/2016\/11\/B-Safari-fotogr\u00e1fico-300x200.jpg' alt='' title='EL SAFARI FOTOGR\u00c1FICO' height=\"200\" width=\"300\"  itemprop=\"thumbnailUrl\"  \/><\/div><\/div><\/div>\n<div   class='hr hr-default   avia-builder-el-2  el_after_av_image  el_before_av_textblock '><span class='hr-inner ' ><span class='hr-inner-style'><\/span><\/span><\/div>\n<section class=\"av_textblock_section \"  itemscope=\"itemscope\" itemtype=\"https:\/\/schema.org\/CreativeWork\" ><div class='avia_textblock  '   itemprop=\"text\" ><p style=\"text-align: justify;\">En esta conferencia se expone la mejor forma para planificar un viaje que tenga como objetivo obtener un buen reportaje fotogr\u00e1fico de la fauna de un lugar. Se hace especial \u00e9nfasis en la captaci\u00f3n los animales de tama\u00f1o medio o grande, es decir: aves y mam\u00edferos. Y se explican detenidamente dos procedimientos: el <em>phototrekking<\/em> (seguimiento) y la fotograf\u00eda al acecho.<\/p>\n<p style=\"text-align: justify;\">Sin embargo, tambi\u00e9n se especifican los riesgos que entra\u00f1a el safari fotogr\u00e1fico: las condiciones clim\u00e1ticas extremas y los animales peligrosos. Se proyectar\u00e1n im\u00e1genes para ver los resultados que se obtienen, as\u00ed como varios reportajes completos de safaris fotogr\u00e1ficos a Sud\u00e1frica, Etiop\u00eda, Caribe y la selva del Amazonas.<\/p>\n<p style=\"text-align: justify;\"><strong>\u00a0<\/strong><\/p>\n<p style=\"text-align: center;\"><strong>PROGRAMA<\/strong><\/p>\n<hr \/>\n<ul>\n<li>La preparaci\u00f3n del viaje<\/li>\n<li>Elecci\u00f3n del equipo fotogr\u00e1fico<\/li>\n<li>Sistemas de transporte<\/li>\n<li>Procedimientos para captar animales salvajes<\/li>\n<li>La caza fotogr\u00e1fica al rececho: el <em>phototrekking<\/em>.<\/li>\n<li>Captar animales al acecho: los <em>hides<\/em>.<\/li>\n<li>Los seres m\u00e1s diminutos: la t\u00e9cnica de Macro de campo<\/li>\n<li>Precauciones generales y en ambientes extremos<\/li>\n<li>Los mejores destinos para fauna y ejemplos de safaris fotogr\u00e1ficos<\/li>\n<li>El Caribe: las reservas de la biosfera de Cuba<\/li>\n<li>El cuerno de \u00c1frica: Simien mountains y los lagos de la falla del Rift<\/li>\n<li>La selva amaz\u00f3nica: el r\u00edo Manu de Per\u00fa<\/li>\n<li>Sud\u00e1frica: el Kruger National Park<\/li>\n<\/ul>\n<\/div><\/section>\n","protected":false},"excerpt":{"rendered":"","protected":false},"author":1,"featured_media":0,"parent":1892,"menu_order":2,"comment_status":"closed","ping_status":"closed","template":"","meta":[],"_links":{"self":[{"href":"https:\/\/albertmaso.com\/w\/wp-json\/wp\/v2\/pages\/1944"}],"collection":[{"href":"https:\/\/albertmaso.com\/w\/wp-json\/wp\/v2\/pages"}],"about":[{"href":"https:\/\/albertmaso.com\/w\/wp-json\/wp\/v2\/types\/page"}],"author":[{"embeddable":true,"href":"https:\/\/albertmaso.com\/w\/wp-json\/wp\/v2\/users\/1"}],"replies":[{"embeddable":true,"href":"https:\/\/albertmaso.com\/w\/wp-json\/wp\/v2\/comments?post=1944"}],"version-history":[{"count":3,"href":"https:\/\/albertmaso.com\/w\/wp-json\/wp\/v2\/pages\/1944\/revisions"}],"predecessor-version":[{"id":2012,"href":"https:\/\/albertmaso.com\/w\/wp-json\/wp\/v2\/pages\/1944\/revisions\/2012"}],"up":[{"embeddable":true,"href":"https:\/\/albertmaso.com\/w\/wp-json\/wp\/v2\/pages\/1892"}],"wp:attachment":[{"href":"https:\/\/albertmaso.com\/w\/wp-json\/wp\/v2\/media?parent=1944"}],"curies":[{"name":"wp","href":"https:\/\/api.w.org\/{rel}","templated":true}]}}