{"id":1946,"date":"2016-11-13T17:24:26","date_gmt":"2016-11-13T17:24:26","guid":{"rendered":"http:\/\/albertmaso.com\/w\/?page_id=1946"},"modified":"2016-11-13T19:49:25","modified_gmt":"2016-11-13T19:49:25","slug":"la-sabana-africana","status":"publish","type":"page","link":"https:\/\/albertmaso.com\/w\/pro-services\/conferencias-2\/la-sabana-africana\/","title":{"rendered":"La sabana africana"},"content":{"rendered":"<div  style='padding-bottom:10px; ' class='av-special-heading av-special-heading-h2  blockquote modern-quote modern-centered  avia-builder-el-0  el_before_av_image  avia-builder-el-first  '><h2 class='av-special-heading-tag '  itemprop=\"headline\"  >LA SABANA AFRICANA<\/h2><div class ='av-subheading av-subheading_below  ' style='font-size:15px;'><p>EL PARA\u00cdSO DE LOS GRANDES MAM\u00cdFEROS<\/p>\n<\/div><div class='special-heading-border'><div class='special-heading-inner-border' ><\/div><\/div><\/div>\n<div  class='avia-image-container  av-styling-    avia-builder-el-1  el_after_av_heading  el_before_av_hr  avia-align-center '  itemprop=\"image\" itemscope=\"itemscope\" itemtype=\"https:\/\/schema.org\/ImageObject\"  ><div class='avia-image-container-inner'><div class='avia-image-overlay-wrap'><img class='avia_image' src='https:\/\/albertmaso.com\/w\/wp-content\/uploads\/2016\/11\/Sabana-africana-guepards-300x142.jpg' alt='' title='LA SABANA AFRICANA' height=\"142\" width=\"300\"  itemprop=\"thumbnailUrl\"  \/><\/div><\/div><\/div>\n<div   class='hr hr-default   avia-builder-el-2  el_after_av_image  el_before_av_textblock '><span class='hr-inner ' ><span class='hr-inner-style'><\/span><\/span><\/div>\n<section class=\"av_textblock_section \"  itemscope=\"itemscope\" itemtype=\"https:\/\/schema.org\/CreativeWork\" ><div class='avia_textblock  '   itemprop=\"text\" ><p style=\"text-align: justify;\">La sabana es un ecosistema de transici\u00f3n entre la selva y el desierto, caracterizado por una cobertura arb\u00f3rea poco densa que permite el crecimiento de plantas herb\u00e1ceas de gran porte y arbustos con frecuencia protegidos por espinas que tambi\u00e9n evitan la desecaci\u00f3n. En \u00c1frica hay inmensas planicies de sabana que constituyen un inacabable manjar para una enorme diversidad de insaciables herb\u00edvoros.<\/p>\n<p style=\"text-align: justify;\">El ciclo de la vida en la sabana es evidente. Podemos ver como las plantas se han adaptado a la escasez de agua, al fuego y a la voracidad de los herb\u00edvoros. Los herb\u00edvoros han perfeccionado la capacidad de ingerir materia vegetal y de huir de sus depredadores. Los depredadores, a su vez, han ingeniando nuevas estrategias de caza y acecho. Y finalmente, encontramos a los oportunistas carro\u00f1eros. Un extraordinario escenario que alberga las mayores concentraciones de grandes mam\u00edferos del planeta.<\/p>\n<p style=\"text-align: justify;\"><strong>\u00a0<\/strong><\/p>\n<p style=\"text-align: center;\"><strong>PROGRAMA<\/strong><\/p>\n<hr \/>\n<ul>\n<li>El ecosistema de sabana<\/li>\n<li>Locacilizaci\u00f3n en el planeta<\/li>\n<li>R\u00e9gimen de lluvias<\/li>\n<li>Los productores primarios: el estrato vegetal<\/li>\n<li>Las plantas adaptadas a la falta de agua<\/li>\n<li>Los productores secundarios o consumidores<\/li>\n<li>Animales simbiontes: capacidad de digerir la celulosa<\/li>\n<li>Los herb\u00edvoros: vigilancia constante<\/li>\n<li>La carrera: evoluci\u00f3n de los dedos y las pezu\u00f1as<\/li>\n<li>Los depredadores: estrategias de caza<\/li>\n<li>Los superfepredadores: la cima de la pir\u00e1mide tr\u00f3fica<\/li>\n<li>Los carro\u00f1eros: se cierra el ciclo<\/li>\n<\/ul>\n<\/div><\/section>\n","protected":false},"excerpt":{"rendered":"","protected":false},"author":1,"featured_media":0,"parent":1892,"menu_order":3,"comment_status":"closed","ping_status":"closed","template":"","meta":[],"_links":{"self":[{"href":"https:\/\/albertmaso.com\/w\/wp-json\/wp\/v2\/pages\/1946"}],"collection":[{"href":"https:\/\/albertmaso.com\/w\/wp-json\/wp\/v2\/pages"}],"about":[{"href":"https:\/\/albertmaso.com\/w\/wp-json\/wp\/v2\/types\/page"}],"author":[{"embeddable":true,"href":"https:\/\/albertmaso.com\/w\/wp-json\/wp\/v2\/users\/1"}],"replies":[{"embeddable":true,"href":"https:\/\/albertmaso.com\/w\/wp-json\/wp\/v2\/comments?post=1946"}],"version-history":[{"count":3,"href":"https:\/\/albertmaso.com\/w\/wp-json\/wp\/v2\/pages\/1946\/revisions"}],"predecessor-version":[{"id":2014,"href":"https:\/\/albertmaso.com\/w\/wp-json\/wp\/v2\/pages\/1946\/revisions\/2014"}],"up":[{"embeddable":true,"href":"https:\/\/albertmaso.com\/w\/wp-json\/wp\/v2\/pages\/1892"}],"wp:attachment":[{"href":"https:\/\/albertmaso.com\/w\/wp-json\/wp\/v2\/media?parent=1946"}],"curies":[{"name":"wp","href":"https:\/\/api.w.org\/{rel}","templated":true}]}}