{"id":1953,"date":"2016-11-13T17:33:52","date_gmt":"2016-11-13T17:33:52","guid":{"rendered":"http:\/\/albertmaso.com\/w\/?page_id=1953"},"modified":"2016-11-13T20:02:15","modified_gmt":"2016-11-13T20:02:15","slug":"la-ruta-de-la-seda","status":"publish","type":"page","link":"https:\/\/albertmaso.com\/w\/pro-services\/viajes-fotograficos-2\/la-ruta-de-la-seda\/","title":{"rendered":"La ruta de la seda"},"content":{"rendered":"<div  style='padding-bottom:10px; ' class='av-special-heading av-special-heading-h2  blockquote modern-quote modern-centered  avia-builder-el-0  el_before_av_image  avia-builder-el-first  '><h2 class='av-special-heading-tag '  itemprop=\"headline\"  >LA RUTA DE LA SEDA<\/h2><div class ='av-subheading av-subheading_below  ' style='font-size:15px;'><p>A TRAV\u00c9S DE UZBEKIST\u00c1N Y KIRGUIST\u00c1N<\/p>\n<\/div><div class='special-heading-border'><div class='special-heading-inner-border' ><\/div><\/div><\/div>\n<div  class='avia-image-container  av-styling-    avia-builder-el-1  el_after_av_heading  el_before_av_hr  avia-align-center '  itemprop=\"image\" itemscope=\"itemscope\" itemtype=\"https:\/\/schema.org\/ImageObject\"  ><div class='avia-image-container-inner'><div class='avia-image-overlay-wrap'><img class='avia_image' src='https:\/\/albertmaso.com\/w\/wp-content\/uploads\/2016\/11\/C-Ruta-de-la-Seda-300x199.jpg' alt='' title='LA RUTA DE LA SEDA' height=\"199\" width=\"300\"  itemprop=\"thumbnailUrl\"  \/><\/div><\/div><\/div>\n<div   class='hr hr-default   avia-builder-el-2  el_after_av_image  el_before_av_textblock '><span class='hr-inner ' ><span class='hr-inner-style'><\/span><\/span><\/div>\n<section class=\"av_textblock_section \"  itemscope=\"itemscope\" itemtype=\"https:\/\/schema.org\/CreativeWork\" ><div class='avia_textblock  '   itemprop=\"text\" ><p style=\"text-align: justify;\">La ruta de la seda ha sido la m\u00e1s duradera de la historia de la Humanidad, ya que su origen se pierde en la noche de los tiempos hace milenios. Pero su importancia trasciende mucho m\u00e1s all\u00e1 del producto en s\u00ed, convirti\u00e9ndose en la principal v\u00eda de intercambio cultural entre Oriente y Occidente. Visitaremos las ciudades clave como Tashkent, Khiva, Bhukhara, la m\u00edtica Samarkanda\u2026 atravesaremos los infinitos desiertos, entraremos en impresionantes mezquitas, llegaremos a lagos alpinos (m\u00e1s de 3.000 m), atravesaremos caudalosos r\u00edos\u2026<\/p>\n<p style=\"text-align: justify;\">Nos har\u00e1n cenas t\u00edpicas, veremos en primer plano c\u00f3mo se confeccionan las famosas alfombras de la forma tradicional, dormiremos en yurtas, tiendas de campa\u00f1a de los pueblos n\u00f3madas de las estepas de Asia central, y por supuesto realizaremos un excelente reportaje fotogr\u00e1fico de esta ruta milenaria y sus gentes, de rudas facciones y ex\u00f3tica fotogenia.<\/p>\n<p>Pr\u00f3xima edici\u00f3n: <strong>del 5 al 19 de JULIO\u00a0de 2017<\/strong><\/p>\n<p>Para m\u00e1s informaci\u00f3n: <a href=\"http:\/\/australphoto.com\/ruta-de-la-seda-uzbekistan-y-kirguistan-con-sergi-reboredo\/\" target=\"_blank\" rel=\"noopener\">enlace<\/a><\/p>\n<\/div><\/section>\n","protected":false},"excerpt":{"rendered":"","protected":false},"author":1,"featured_media":0,"parent":1890,"menu_order":3,"comment_status":"closed","ping_status":"closed","template":"","meta":[],"_links":{"self":[{"href":"https:\/\/albertmaso.com\/w\/wp-json\/wp\/v2\/pages\/1953"}],"collection":[{"href":"https:\/\/albertmaso.com\/w\/wp-json\/wp\/v2\/pages"}],"about":[{"href":"https:\/\/albertmaso.com\/w\/wp-json\/wp\/v2\/types\/page"}],"author":[{"embeddable":true,"href":"https:\/\/albertmaso.com\/w\/wp-json\/wp\/v2\/users\/1"}],"replies":[{"embeddable":true,"href":"https:\/\/albertmaso.com\/w\/wp-json\/wp\/v2\/comments?post=1953"}],"version-history":[{"count":3,"href":"https:\/\/albertmaso.com\/w\/wp-json\/wp\/v2\/pages\/1953\/revisions"}],"predecessor-version":[{"id":2020,"href":"https:\/\/albertmaso.com\/w\/wp-json\/wp\/v2\/pages\/1953\/revisions\/2020"}],"up":[{"embeddable":true,"href":"https:\/\/albertmaso.com\/w\/wp-json\/wp\/v2\/pages\/1890"}],"wp:attachment":[{"href":"https:\/\/albertmaso.com\/w\/wp-json\/wp\/v2\/media?parent=1953"}],"curies":[{"name":"wp","href":"https:\/\/api.w.org\/{rel}","templated":true}]}}